{"id":134,"date":"2018-09-11T16:56:52","date_gmt":"2018-09-11T13:56:52","guid":{"rendered":"http:\/\/www.ahmetmutlu.av.tr\/?page_id=134"},"modified":"2018-09-11T16:56:52","modified_gmt":"2018-09-11T13:56:52","slug":"bilisim-hukuku-izmir-agir-ceza-avukati","status":"publish","type":"page","link":"https:\/\/www.ahmetmutlu.av.tr\/index.php\/bilisim-hukuku-izmir-agir-ceza-avukati\/","title":{"rendered":"B\u0130L\u0130\u015e\u0130M HUKUKU"},"content":{"rendered":"<p>\t\t\t\tAhmet Mutlu Hukuk B\u00fcrosu\u00a0\u00ae bili\u015fim sekt\u00f6r\u00fcnde ortaya \u00e7\u0131kan uyu\u015fmazl\u0131klara ili\u015fkin M\u00fcvekkillerine hukuki destek sa\u011flamaktad\u0131r. Bili\u015fim su\u00e7lar\u0131 konusunda faaliyet alanlar\u0131m\u0131z \u015f\u00f6yledir:<\/p>\n<ul>\n<li>Bili\u015fim sistemlerini bozma, engelleme su\u00e7lar\u0131,<\/li>\n<li>Bili\u015fim sistem verilerini de\u011fi\u015ftirme, bozma, kopyalama, yok etme su\u00e7lar\u0131,<\/li>\n<li>Banka ve kredi kartlar\u0131n\u0131n k\u00f6t\u00fcye kullan\u0131lmas\u0131 su\u00e7u,<\/li>\n<li>\u0130nternet yoluyla i\u015flenen hakaret, tehdit ve \u015fantaj su\u00e7lar\u0131,<\/li>\n<li>\u0130nternet ortam\u0131nda fikri hak ihlalleri alan\u0131nda \u015e\u00fcpheli\/San\u0131k M\u00fcdafili\u011fi, M\u00fc\u015fteki\/Kat\u0131lan Vekilli\u011fi.<\/li>\n<\/ul>\n","protected":false},"excerpt":{"rendered":"<p>Ahmet Mutlu Hukuk B\u00fcrosu\u00a0\u00ae bili\u015fim sekt\u00f6r\u00fcnde ortaya \u00e7\u0131kan uyu\u015fmazl\u0131klara ili\u015fkin M\u00fcvekkillerine hukuki destek sa\u011flamaktad\u0131r. Bili\u015fim su\u00e7lar\u0131 konusunda faaliyet alanlar\u0131m\u0131z \u015f\u00f6yledir: Bili\u015fim sistemlerini bozma, engelleme su\u00e7lar\u0131, Bili\u015fim sistem verilerini de\u011fi\u015ftirme, bozma, kopyalama, yok etme su\u00e7lar\u0131, Banka ve kredi kartlar\u0131n\u0131n k\u00f6t\u00fcye kullan\u0131lmas\u0131 su\u00e7u, \u0130nternet yoluyla i\u015flenen hakaret, tehdit ve \u015fantaj su\u00e7lar\u0131, \u0130nternet ortam\u0131nda fikri hak ihlalleri alan\u0131nda [&hellip;]<\/p>\n","protected":false},"author":1,"featured_media":0,"parent":0,"menu_order":0,"comment_status":"closed","ping_status":"closed","template":"","meta":{"footnotes":""},"class_list":["post-134","page","type-page","status-publish","hentry"],"_links":{"self":[{"href":"https:\/\/www.ahmetmutlu.av.tr\/index.php\/wp-json\/wp\/v2\/pages\/134","targetHints":{"allow":["GET"]}}],"collection":[{"href":"https:\/\/www.ahmetmutlu.av.tr\/index.php\/wp-json\/wp\/v2\/pages"}],"about":[{"href":"https:\/\/www.ahmetmutlu.av.tr\/index.php\/wp-json\/wp\/v2\/types\/page"}],"author":[{"embeddable":true,"href":"https:\/\/www.ahmetmutlu.av.tr\/index.php\/wp-json\/wp\/v2\/users\/1"}],"replies":[{"embeddable":true,"href":"https:\/\/www.ahmetmutlu.av.tr\/index.php\/wp-json\/wp\/v2\/comments?post=134"}],"version-history":[{"count":0,"href":"https:\/\/www.ahmetmutlu.av.tr\/index.php\/wp-json\/wp\/v2\/pages\/134\/revisions"}],"wp:attachment":[{"href":"https:\/\/www.ahmetmutlu.av.tr\/index.php\/wp-json\/wp\/v2\/media?parent=134"}],"curies":[{"name":"wp","href":"https:\/\/api.w.org\/{rel}","templated":true}]}}