{"id":15,"date":"2017-02-15T09:48:09","date_gmt":"2017-02-15T09:48:09","guid":{"rendered":"http:\/\/ahmetgokhanmutlu.av.tr\/?page_id=15"},"modified":"2024-05-17T14:00:29","modified_gmt":"2024-05-17T14:00:29","slug":"ankara-agir-ceza-avukati-hakkimizda","status":"publish","type":"page","link":"https:\/\/www.ahmetmutlu.av.tr\/index.php\/ankara-agir-ceza-avukati-hakkimizda\/","title":{"rendered":"HAKKIMIZDA"},"content":{"rendered":"<p>Ahmet Mutlu Hukuk B\u00fcrosu \u00ae, 2003 y\u0131l\u0131nda Uzman Arabulucu Avukat G\u00fcl\u015fah Mutlu taraf\u0131ndan kurulmu\u015ftur. 2005 y\u0131l\u0131nda Avukat Ahmet Mutlu ve 2006 y\u0131l\u0131nda Uzman Arabulucu Avukat Ahmet G\u00f6khan Mutlu kat\u0131lm\u0131\u015ft\u0131r.<\/p>\n<p>Ahmet Mutlu Hukuk B\u00fcrosu \u00ae, olarak vizyonumuz mesleki bilgiye sahip, disiplinli, meslek ahlak ve onuruna yak\u0131\u015f\u0131r bi\u00e7imde \u00e7al\u0131\u015fmaktad\u0131r.<\/p>\n<p>Ahmet Mutlu Hukuk B\u00fcrosu \u00ae olarak, mesleki bilgiye sahip, disiplinli, meslek ahlak ve onuruna yak\u0131\u015f\u0131r bi\u00e7imde Karakol Amirliklerinde, Emniyet M\u00fcd\u00fcrl\u00fcklerinde (Asayi\u015f \u015eube M\u00fcd\u00fcrl\u00fc\u011f\u00fc, \u00c7ocuk \u015eube M\u00fcd\u00fcrl\u00fc\u011f\u00fc, Ka\u00e7ak\u00e7\u0131l\u0131k Su\u00e7lar\u0131yla M\u00fccadele \u015eube M\u00fcd\u00fcrl\u00fc\u011f\u00fc, Mali Su\u00e7larla M\u00fccadele \u015eube M\u00fcd\u00fcrl\u00fc\u011f\u00fc, Narkotik Su\u00e7larla M\u00fccadele \u015eube M\u00fcd\u00fcrl\u00fc\u011f\u00fc, Organize Su\u00e7larla M\u00fccadele \u015eube M\u00fcd\u00fcrl\u00fc\u011f\u00fc, Siber Su\u00e7larla M\u00fccadele \u015eube M\u00fcd\u00fcrl\u00fc\u011f\u00fc, Ter\u00f6rle M\u00fccadele \u015eube M\u00fcd\u00fcrl\u00fc\u011f\u00fcndeki) t\u00fcm M\u00fcdafilik-Vekillik g\u00f6revlerinde hizmet vermektedir.<\/p>\n<p>Ahmet Mutlu Hukuk B\u00fcrosu \u00ae olarak, \u00c7ocuk Mahkemelerinde ve \u00c7ocuk A\u011f\u0131r Ceza Mahkemelerinde S.S.\u00c7 ve Ma\u011fdur\/Kat\u0131lan Vekilli\u011fi, N\u00f6bet\u00e7i Sulh Ceza Hakimliklerinde \u015e\u00fcpheli M\u00fcdafili\u011fi, Asliye Ceza Mahkemelerinde, A\u011f\u0131r Ceza Mahkemelerinde, Ter\u00f6r A\u011f\u0131r Ceza Mahkemelerinde \u015e\u00fcpheli\/San\u0131k M\u00fcdafili\u011fi, Ma\u011fdur\/Kat\u0131lan Vekilli\u011fi g\u00f6revlerinde, Mahkeme a\u015famas\u0131nda sonu\u00e7lanm\u0131\u015f Ceza ve A\u011f\u0131r Ceza Dosyalar\u0131\u2019n\u0131n \u0130stinaf B\u00f6lge Adliye Mahkemeleri Ceza Dairelerindeki duru\u015fmalar\u0131na San\u0131k M\u00fcdafili\u011fi ile Kat\u0131lan Vekilli\u011fi g\u00f6revleri ile Yarg\u0131tay Ceza Dairelerinde Temyiz ve Murafaa duru\u015fmalar\u0131na kat\u0131lma konusunda San\u0131k M\u00fcdafili\u011fi ve Kat\u0131lan Vekilli\u011fi g\u00f6revlerinde hizmet vermektedir.<\/p>\n<p>Bu sitede bulunan her t\u00fcrl\u00fc bilgi, yaz\u0131 ve yap\u0131lan a\u00e7\u0131klamalar bilgilendirme ama\u00e7l\u0131 olup, reklam amac\u0131 ta\u015f\u0131maz.<\/p>\n<p>Ahmet Mutlu Hukuk B\u00fcrosu \u00ae\u2019nun ayn\u0131 isim ad\u0131 alt\u0131nda ba\u015fka Hukuk b\u00fcrolar\u0131yla ba\u011flant\u0131s\u0131 bulunmamaktad\u0131r.<\/p>\n","protected":false},"excerpt":{"rendered":"<p>Ahmet Mutlu Hukuk B\u00fcrosu \u00ae, 2003 y\u0131l\u0131nda Uzman Arabulucu Avukat G\u00fcl\u015fah Mutlu taraf\u0131ndan kurulmu\u015ftur. 2005 y\u0131l\u0131nda Avukat Ahmet Mutlu ve 2006 y\u0131l\u0131nda Uzman Arabulucu Avukat Ahmet G\u00f6khan Mutlu kat\u0131lm\u0131\u015ft\u0131r. Ahmet Mutlu Hukuk B\u00fcrosu \u00ae, olarak vizyonumuz mesleki bilgiye sahip, disiplinli, meslek ahlak ve onuruna yak\u0131\u015f\u0131r bi\u00e7imde \u00e7al\u0131\u015fmaktad\u0131r. Ahmet Mutlu Hukuk B\u00fcrosu \u00ae olarak, mesleki bilgiye [&hellip;]<\/p>\n","protected":false},"author":1,"featured_media":0,"parent":0,"menu_order":0,"comment_status":"closed","ping_status":"closed","template":"","meta":{"footnotes":""},"class_list":["post-15","page","type-page","status-publish","hentry"],"_links":{"self":[{"href":"https:\/\/www.ahmetmutlu.av.tr\/index.php\/wp-json\/wp\/v2\/pages\/15","targetHints":{"allow":["GET"]}}],"collection":[{"href":"https:\/\/www.ahmetmutlu.av.tr\/index.php\/wp-json\/wp\/v2\/pages"}],"about":[{"href":"https:\/\/www.ahmetmutlu.av.tr\/index.php\/wp-json\/wp\/v2\/types\/page"}],"author":[{"embeddable":true,"href":"https:\/\/www.ahmetmutlu.av.tr\/index.php\/wp-json\/wp\/v2\/users\/1"}],"replies":[{"embeddable":true,"href":"https:\/\/www.ahmetmutlu.av.tr\/index.php\/wp-json\/wp\/v2\/comments?post=15"}],"version-history":[{"count":6,"href":"https:\/\/www.ahmetmutlu.av.tr\/index.php\/wp-json\/wp\/v2\/pages\/15\/revisions"}],"predecessor-version":[{"id":641,"href":"https:\/\/www.ahmetmutlu.av.tr\/index.php\/wp-json\/wp\/v2\/pages\/15\/revisions\/641"}],"wp:attachment":[{"href":"https:\/\/www.ahmetmutlu.av.tr\/index.php\/wp-json\/wp\/v2\/media?parent=15"}],"curies":[{"name":"wp","href":"https:\/\/api.w.org\/{rel}","templated":true}]}}