{"id":152,"date":"2018-09-12T09:38:28","date_gmt":"2018-09-12T06:38:28","guid":{"rendered":"http:\/\/www.ahmetmutlu.av.tr\/?page_id=152"},"modified":"2018-09-12T09:38:28","modified_gmt":"2018-09-12T06:38:28","slug":"aile-hukuku-izmir-agir-ceza-avukati","status":"publish","type":"page","link":"https:\/\/www.ahmetmutlu.av.tr\/index.php\/aile-hukuku-izmir-agir-ceza-avukati\/","title":{"rendered":"A\u0130LE HUKUKU"},"content":{"rendered":"<p>\t\t\t\tAhmet Mutlu Hukuk B\u00fcrosu \u00ae olarak, aile hukuku aile ile ilgili oldu\u011fundan Medeni Hukuk kapsam\u0131 i\u00e7inde yer almaktad\u0131r. Aile Hukukunda konular ni\u015fanlanma, evlenme, bo\u015fanma ko\u015fullar\u0131, mal rejimleri, aile konutu, soy ba\u011f\u0131, evlat edinme, velayet, \u00e7ocu\u011fa nafaka hakk\u0131, vesayet vb. gibi alanlard\u0131r .<\/p>\n<p>Ahmet Mutlu Hukuk B\u00fcrosu \u00ae olarak aile hukuku alan\u0131nda sundu\u011fumuz hukuki hizmetlerimiz \u015f\u00f6yledir:<\/p>\n<ul>\n<li>Anla\u015fmal\u0131 ve \u00e7eki\u015fmeli bo\u015fanma davalar\u0131n\u0131n a\u00e7\u0131lmas\u0131, takibi.<\/li>\n<li>Nafaka ve tazminat taleplerine ili\u015fkin dava takibi,<\/li>\n<li>Ad\u0131n ve ya\u015f\u0131n de\u011fi\u015ftirilmesi ile N\u00fcfus M\u00fcd\u00fcrl\u00fc\u011f\u00fcnde de\u011fi\u015fikli\u011fe ili\u015fkin dava takibi,<\/li>\n<li>Ni\u015fan bozulmas\u0131ndan kaynaklanan davalar,<\/li>\n<li>Di\u011fer Medeni Hukukun alan\u0131na giren davalar.<\/li>\n<\/ul>\n","protected":false},"excerpt":{"rendered":"<p>Ahmet Mutlu Hukuk B\u00fcrosu \u00ae olarak, aile hukuku aile ile ilgili oldu\u011fundan Medeni Hukuk kapsam\u0131 i\u00e7inde yer almaktad\u0131r. Aile Hukukunda konular ni\u015fanlanma, evlenme, bo\u015fanma ko\u015fullar\u0131, mal rejimleri, aile konutu, soy ba\u011f\u0131, evlat edinme, velayet, \u00e7ocu\u011fa nafaka hakk\u0131, vesayet vb. gibi alanlard\u0131r . Ahmet Mutlu Hukuk B\u00fcrosu \u00ae olarak aile hukuku alan\u0131nda sundu\u011fumuz hukuki hizmetlerimiz \u015f\u00f6yledir: [&hellip;]<\/p>\n","protected":false},"author":1,"featured_media":0,"parent":0,"menu_order":0,"comment_status":"closed","ping_status":"closed","template":"","meta":{"footnotes":""},"class_list":["post-152","page","type-page","status-publish","hentry"],"_links":{"self":[{"href":"https:\/\/www.ahmetmutlu.av.tr\/index.php\/wp-json\/wp\/v2\/pages\/152","targetHints":{"allow":["GET"]}}],"collection":[{"href":"https:\/\/www.ahmetmutlu.av.tr\/index.php\/wp-json\/wp\/v2\/pages"}],"about":[{"href":"https:\/\/www.ahmetmutlu.av.tr\/index.php\/wp-json\/wp\/v2\/types\/page"}],"author":[{"embeddable":true,"href":"https:\/\/www.ahmetmutlu.av.tr\/index.php\/wp-json\/wp\/v2\/users\/1"}],"replies":[{"embeddable":true,"href":"https:\/\/www.ahmetmutlu.av.tr\/index.php\/wp-json\/wp\/v2\/comments?post=152"}],"version-history":[{"count":0,"href":"https:\/\/www.ahmetmutlu.av.tr\/index.php\/wp-json\/wp\/v2\/pages\/152\/revisions"}],"wp:attachment":[{"href":"https:\/\/www.ahmetmutlu.av.tr\/index.php\/wp-json\/wp\/v2\/media?parent=152"}],"curies":[{"name":"wp","href":"https:\/\/api.w.org\/{rel}","templated":true}]}}