{"id":160,"date":"2018-09-12T09:55:09","date_gmt":"2018-09-12T06:55:09","guid":{"rendered":"http:\/\/www.ahmetmutlu.av.tr\/?page_id=160"},"modified":"2024-05-16T08:01:00","modified_gmt":"2024-05-16T08:01:00","slug":"alternatif-uyusmazlik-cozumleri-izmir-agir-ceza-avukati","status":"publish","type":"page","link":"https:\/\/www.ahmetmutlu.av.tr\/index.php\/alternatif-uyusmazlik-cozumleri-izmir-agir-ceza-avukati\/","title":{"rendered":"ALTERNAT\u0130F UYU\u015eMAZLIK \u00c7\u00d6Z\u00dcMLER\u0130"},"content":{"rendered":"<p>Ahmet Mutlu Hukuk B\u00fcrosu\u00a0\u00ae olarak faaliyet alanlar\u0131m\u0131z \u015f\u00f6yledir:<\/p>\n<ul>\n<li>Alternatif uyu\u015fmazl\u0131k \u00e7\u00f6z\u00fcm y\u00f6ntemlerine uygun olan davalar\u0131n belirlenmesi,<\/li>\n<li>M\u00fcvekkil a\u00e7\u0131s\u0131ndan hangi se\u00e7ene\u011fin uygun olaca\u011f\u0131n\u0131n belirlenmesi,<\/li>\n<li>Uzla\u015ft\u0131rma\/m\u00fczakere\/arabuluculuk hizmetlerinin verilmesi,<\/li>\n<li>\u015eah\u0131s\/\u015firketlerin hukuki ihtilaflar\u0131n\u0131 arabuluculuk yoluyla \u00e7\u00f6z\u00fcmlenmesi sonu\u00e7land\u0131r\u0131lmas\u0131 ve takibi.<\/li>\n<\/ul>\n","protected":false},"excerpt":{"rendered":"<p>Ahmet Mutlu Hukuk B\u00fcrosu\u00a0\u00ae olarak faaliyet alanlar\u0131m\u0131z \u015f\u00f6yledir: Alternatif uyu\u015fmazl\u0131k \u00e7\u00f6z\u00fcm y\u00f6ntemlerine uygun olan davalar\u0131n belirlenmesi, M\u00fcvekkil a\u00e7\u0131s\u0131ndan hangi se\u00e7ene\u011fin uygun olaca\u011f\u0131n\u0131n belirlenmesi, Uzla\u015ft\u0131rma\/m\u00fczakere\/arabuluculuk hizmetlerinin verilmesi, \u015eah\u0131s\/\u015firketlerin hukuki ihtilaflar\u0131n\u0131 arabuluculuk yoluyla \u00e7\u00f6z\u00fcmlenmesi sonu\u00e7land\u0131r\u0131lmas\u0131 ve takibi.<\/p>\n","protected":false},"author":1,"featured_media":0,"parent":0,"menu_order":0,"comment_status":"closed","ping_status":"closed","template":"","meta":{"footnotes":""},"class_list":["post-160","page","type-page","status-publish","hentry"],"_links":{"self":[{"href":"https:\/\/www.ahmetmutlu.av.tr\/index.php\/wp-json\/wp\/v2\/pages\/160","targetHints":{"allow":["GET"]}}],"collection":[{"href":"https:\/\/www.ahmetmutlu.av.tr\/index.php\/wp-json\/wp\/v2\/pages"}],"about":[{"href":"https:\/\/www.ahmetmutlu.av.tr\/index.php\/wp-json\/wp\/v2\/types\/page"}],"author":[{"embeddable":true,"href":"https:\/\/www.ahmetmutlu.av.tr\/index.php\/wp-json\/wp\/v2\/users\/1"}],"replies":[{"embeddable":true,"href":"https:\/\/www.ahmetmutlu.av.tr\/index.php\/wp-json\/wp\/v2\/comments?post=160"}],"version-history":[{"count":1,"href":"https:\/\/www.ahmetmutlu.av.tr\/index.php\/wp-json\/wp\/v2\/pages\/160\/revisions"}],"predecessor-version":[{"id":638,"href":"https:\/\/www.ahmetmutlu.av.tr\/index.php\/wp-json\/wp\/v2\/pages\/160\/revisions\/638"}],"wp:attachment":[{"href":"https:\/\/www.ahmetmutlu.av.tr\/index.php\/wp-json\/wp\/v2\/media?parent=160"}],"curies":[{"name":"wp","href":"https:\/\/api.w.org\/{rel}","templated":true}]}}