{"id":162,"date":"2018-09-12T09:57:22","date_gmt":"2018-09-12T06:57:22","guid":{"rendered":"http:\/\/www.ahmetmutlu.av.tr\/?page_id=162"},"modified":"2018-09-12T09:57:22","modified_gmt":"2018-09-12T06:57:22","slug":"diger-hukuki-yardimlar-konya-agir-ceza-avukati","status":"publish","type":"page","link":"https:\/\/www.ahmetmutlu.av.tr\/index.php\/diger-hukuki-yardimlar-konya-agir-ceza-avukati\/","title":{"rendered":"D\u0130\u011eER HUKUK\u0130 YARDIMLAR"},"content":{"rendered":"<p>\t\t\t\t\u0130hbarname, ihtarname, protesto d\u00fczenlenmesi, davaya cevap dilek\u00e7esi d\u00fczenlenmesi, temyiz, istinaf, karar d\u00fczeltme dilek\u00e7eleri, her t\u00fcrl\u00fc s\u00f6zle\u015fme d\u00fczenlenmesi.\t\t<\/p>\n","protected":false},"excerpt":{"rendered":"<p>\u0130hbarname, ihtarname, protesto d\u00fczenlenmesi, davaya cevap dilek\u00e7esi d\u00fczenlenmesi, temyiz, istinaf, karar d\u00fczeltme dilek\u00e7eleri, her t\u00fcrl\u00fc s\u00f6zle\u015fme d\u00fczenlenmesi.<\/p>\n","protected":false},"author":1,"featured_media":0,"parent":0,"menu_order":0,"comment_status":"closed","ping_status":"closed","template":"","meta":{"footnotes":""},"class_list":["post-162","page","type-page","status-publish","hentry"],"_links":{"self":[{"href":"https:\/\/www.ahmetmutlu.av.tr\/index.php\/wp-json\/wp\/v2\/pages\/162","targetHints":{"allow":["GET"]}}],"collection":[{"href":"https:\/\/www.ahmetmutlu.av.tr\/index.php\/wp-json\/wp\/v2\/pages"}],"about":[{"href":"https:\/\/www.ahmetmutlu.av.tr\/index.php\/wp-json\/wp\/v2\/types\/page"}],"author":[{"embeddable":true,"href":"https:\/\/www.ahmetmutlu.av.tr\/index.php\/wp-json\/wp\/v2\/users\/1"}],"replies":[{"embeddable":true,"href":"https:\/\/www.ahmetmutlu.av.tr\/index.php\/wp-json\/wp\/v2\/comments?post=162"}],"version-history":[{"count":0,"href":"https:\/\/www.ahmetmutlu.av.tr\/index.php\/wp-json\/wp\/v2\/pages\/162\/revisions"}],"wp:attachment":[{"href":"https:\/\/www.ahmetmutlu.av.tr\/index.php\/wp-json\/wp\/v2\/media?parent=162"}],"curies":[{"name":"wp","href":"https:\/\/api.w.org\/{rel}","templated":true}]}}