{"id":164,"date":"2018-09-12T10:03:21","date_gmt":"2018-09-12T10:03:21","guid":{"rendered":"http:\/\/www.ahmetmutlu.av.tr\/?page_id=164"},"modified":"2024-05-17T13:57:43","modified_gmt":"2024-05-17T13:57:43","slug":"ankara-agir-ceza-avukati-faaliyet-alanlarimiz","status":"publish","type":"page","link":"https:\/\/www.ahmetmutlu.av.tr\/index.php\/ankara-agir-ceza-avukati-faaliyet-alanlarimiz\/","title":{"rendered":"FAAL\u0130YET ALANLARIMIZ"},"content":{"rendered":"<section class=\"wpb-content-wrapper\"><p>[vc_row][vc_column][vc_column_text][\/vc_column_text][\/vc_column][\/vc_row][vc_row][vc_column width=&#8221;1\/3&#8243;][vc_single_image image=&#8221;176&#8243; img_size=&#8221;full&#8221; alignment=&#8221;center&#8221;][vc_column_text]<\/p>\n<p style=\"text-align: center;\"><span style=\"color: #000000;\"><a style=\"color: #000000;\" href=\"http:\/\/www.ahmetmutlu.av.tr\/index.php\/ceza-hukuku-ceza-muhakemesi-hukuku-izmir-agir-ceza-avukati\/\">CEZA HUKUKU &amp; CEZA MUHAKEMES\u0130 HUKUKU<\/a><\/span><\/p>\n<p>[\/vc_column_text][\/vc_column][vc_column width=&#8221;1\/3&#8243;][vc_single_image image=&#8221;424&#8243; img_size=&#8221;full&#8221; alignment=&#8221;center&#8221;][vc_column_text]<\/p>\n<p style=\"text-align: center;\"><span style=\"color: #000000;\"><a style=\"color: #000000;\" href=\"http:\/\/www.ahmetmutlu.av.tr\/index.php\/bilisim-hukuku-izmir-agir-ceza-avukati\/\">B\u0130L\u0130\u015e\u0130M HUKUKU<\/a><\/span><\/p>\n<p>[\/vc_column_text][\/vc_column][vc_column width=&#8221;1\/3&#8243;][vc_single_image image=&#8221;441&#8243; img_size=&#8221;full&#8221; alignment=&#8221;center&#8221;][vc_column_text]<\/p>\n<p style=\"text-align: center;\"><span style=\"color: #000000;\"><a style=\"color: #000000;\" href=\"http:\/\/www.ahmetmutlu.av.tr\/index.php\/is-hukuku-is-sagligl-guvenligi-konya-agir-ceza-avukati\/\">\u0130\u015e HUKUKU &amp; \u0130\u015e SA\u011eLI\u011eI-G\u00dcVENL\u0130\u011e\u0130 HUKUKU<\/a><\/span><\/p>\n<p>[\/vc_column_text][\/vc_column][\/vc_row][vc_row][vc_column][vc_separator][\/vc_column][\/vc_row][vc_row][vc_column width=&#8221;1\/3&#8243;][vc_single_image image=&#8221;181&#8243; img_size=&#8221;full&#8221; alignment=&#8221;center&#8221;][vc_column_text]<\/p>\n<p style=\"text-align: center;\"><span style=\"color: #000000;\"><a style=\"color: #000000;\" href=\"http:\/\/www.ahmetmutlu.av.tr\/index.php\/fikri-mulkiyet-hukuku-konya-agir-ceza-avukati\/\">F\u0130KR\u0130 M\u00dcLK\u0130YET HUKUKU<\/a><\/span><\/p>\n<p>[\/vc_column_text][\/vc_column][vc_column width=&#8221;1\/3&#8243;][vc_single_image image=&#8221;184&#8243; img_size=&#8221;full&#8221; alignment=&#8221;center&#8221;][vc_column_text]<\/p>\n<p style=\"text-align: center;\"><span style=\"color: #000000;\"><a style=\"color: #000000;\" href=\"http:\/\/www.ahmetmutlu.av.tr\/index.php\/kamu-ihale-hukuku-konya-agir-ceza-avukati\/\">KAMU \u0130HALE HUKUKU<\/a><\/span><\/p>\n<p>[\/vc_column_text][\/vc_column][vc_column width=&#8221;1\/3&#8243;][vc_single_image image=&#8221;187&#8243; img_size=&#8221;full&#8221; alignment=&#8221;center&#8221;][vc_column_text]<\/p>\n<p style=\"text-align: center;\"><span style=\"color: #000000;\"><a style=\"color: #000000;\" href=\"http:\/\/www.ahmetmutlu.av.tr\/index.php\/alternatif-uyusmazlik-cozumleri-izmir-agir-ceza-avukati\/\">ALTERNAT\u0130F UYU\u015eMAZLIK \u00c7\u00d6Z\u00dcM Y\u00d6NTEMLER\u0130<\/a><\/span><\/p>\n<p>[\/vc_column_text][\/vc_column][\/vc_row][vc_row][vc_column][vc_separator][\/vc_column][\/vc_row][vc_row][vc_column width=&#8221;1\/3&#8243;][vc_single_image image=&#8221;186&#8243; img_size=&#8221;full&#8221; alignment=&#8221;center&#8221;][vc_column_text]<\/p>\n<p style=\"text-align: center;\"><span style=\"color: #000000;\"><a style=\"color: #000000;\" href=\"http:\/\/www.ahmetmutlu.av.tr\/index.php\/sirketler-hukuku-cankiri-agir-ceza-avukati\/\">\u015e\u0130RKETLER HUKUKU<\/a><\/span><\/p>\n<p>[\/vc_column_text][\/vc_column][vc_column width=&#8221;1\/3&#8243;][vc_single_image image=&#8221;192&#8243; img_size=&#8221;full&#8221; alignment=&#8221;center&#8221;][vc_column_text]<\/p>\n<p style=\"text-align: center;\"><span style=\"color: #000000;\"><a style=\"color: #000000;\" href=\"http:\/\/www.ahmetmutlu.av.tr\/index.php\/aile-hukuku-izmir-agir-ceza-avukati\/\">A\u0130LE HUKUKU<\/a><\/span><\/p>\n<p>[\/vc_column_text][\/vc_column][vc_column width=&#8221;1\/3&#8243;][vc_single_image image=&#8221;196&#8243; img_size=&#8221;full&#8221; alignment=&#8221;center&#8221;][vc_column_text]<\/p>\n<p style=\"text-align: center;\"><span style=\"color: #000000;\"><a style=\"color: #000000;\" href=\"http:\/\/www.ahmetmutlu.av.tr\/index.php\/diger-hukuki-yardimlar-konya-agir-ceza-avukati\/\">D\u0130\u011eER HUKUK\u0130 YARDIMLAR<\/a><\/span><\/p>\n<p>[\/vc_column_text][\/vc_column][\/vc_row][vc_row][vc_column][vc_separator][\/vc_column][\/vc_row][vc_row][vc_column][vc_separator][\/vc_column][\/vc_row]<\/p>\n<\/section>","protected":false},"excerpt":{"rendered":"<p>[vc_row][vc_column][vc_column_text][\/vc_column_text][\/vc_column][\/vc_row][vc_row][vc_column width=&#8221;1\/3&#8243;][vc_single_image image=&#8221;176&#8243; img_size=&#8221;full&#8221; alignment=&#8221;center&#8221;][vc_column_text] CEZA HUKUKU &amp; CEZA MUHAKEMES\u0130 HUKUKU [\/vc_column_text][\/vc_column][vc_column width=&#8221;1\/3&#8243;][vc_single_image image=&#8221;424&#8243; img_size=&#8221;full&#8221; alignment=&#8221;center&#8221;][vc_column_text] B\u0130L\u0130\u015e\u0130M HUKUKU [\/vc_column_text][\/vc_column][vc_column width=&#8221;1\/3&#8243;][vc_single_image image=&#8221;441&#8243; img_size=&#8221;full&#8221; alignment=&#8221;center&#8221;][vc_column_text] \u0130\u015e HUKUKU &amp; \u0130\u015e SA\u011eLI\u011eI-G\u00dcVENL\u0130\u011e\u0130 HUKUKU [\/vc_column_text][\/vc_column][\/vc_row][vc_row][vc_column][vc_separator][\/vc_column][\/vc_row][vc_row][vc_column width=&#8221;1\/3&#8243;][vc_single_image image=&#8221;181&#8243; img_size=&#8221;full&#8221; alignment=&#8221;center&#8221;][vc_column_text] F\u0130KR\u0130 M\u00dcLK\u0130YET HUKUKU [\/vc_column_text][\/vc_column][vc_column width=&#8221;1\/3&#8243;][vc_single_image image=&#8221;184&#8243; img_size=&#8221;full&#8221; alignment=&#8221;center&#8221;][vc_column_text] KAMU \u0130HALE HUKUKU [\/vc_column_text][\/vc_column][vc_column width=&#8221;1\/3&#8243;][vc_single_image image=&#8221;187&#8243; img_size=&#8221;full&#8221; alignment=&#8221;center&#8221;][vc_column_text] ALTERNAT\u0130F UYU\u015eMAZLIK \u00c7\u00d6Z\u00dcM Y\u00d6NTEMLER\u0130 [\/vc_column_text][\/vc_column][\/vc_row][vc_row][vc_column][vc_separator][\/vc_column][\/vc_row][vc_row][vc_column [&hellip;]<\/p>\n","protected":false},"author":1,"featured_media":0,"parent":0,"menu_order":0,"comment_status":"closed","ping_status":"closed","template":"","meta":{"footnotes":""},"class_list":["post-164","page","type-page","status-publish","hentry"],"_links":{"self":[{"href":"https:\/\/www.ahmetmutlu.av.tr\/index.php\/wp-json\/wp\/v2\/pages\/164","targetHints":{"allow":["GET"]}}],"collection":[{"href":"https:\/\/www.ahmetmutlu.av.tr\/index.php\/wp-json\/wp\/v2\/pages"}],"about":[{"href":"https:\/\/www.ahmetmutlu.av.tr\/index.php\/wp-json\/wp\/v2\/types\/page"}],"author":[{"embeddable":true,"href":"https:\/\/www.ahmetmutlu.av.tr\/index.php\/wp-json\/wp\/v2\/users\/1"}],"replies":[{"embeddable":true,"href":"https:\/\/www.ahmetmutlu.av.tr\/index.php\/wp-json\/wp\/v2\/comments?post=164"}],"version-history":[{"count":28,"href":"https:\/\/www.ahmetmutlu.av.tr\/index.php\/wp-json\/wp\/v2\/pages\/164\/revisions"}],"predecessor-version":[{"id":640,"href":"https:\/\/www.ahmetmutlu.av.tr\/index.php\/wp-json\/wp\/v2\/pages\/164\/revisions\/640"}],"wp:attachment":[{"href":"https:\/\/www.ahmetmutlu.av.tr\/index.php\/wp-json\/wp\/v2\/media?parent=164"}],"curies":[{"name":"wp","href":"https:\/\/api.w.org\/{rel}","templated":true}]}}