{"id":23,"date":"2017-02-15T09:49:20","date_gmt":"2017-02-15T09:49:20","guid":{"rendered":"http:\/\/ahmetgokhanmutlu.av.tr\/?page_id=23"},"modified":"2020-07-02T13:59:33","modified_gmt":"2020-07-02T13:59:33","slug":"ankara-agir-ceza-avukati-vekaletname","status":"publish","type":"page","link":"https:\/\/www.ahmetmutlu.av.tr\/index.php\/ankara-agir-ceza-avukati-vekaletname\/","title":{"rendered":"VEKALETNAME"},"content":{"rendered":"<p>\t\t\t\t<strong>\u00d6nemli Hususlar<\/strong><\/p>\n<ol>\n<li>\u015eah\u0131slar noter&#8217;de vekaletname d\u00fczenletirken n\u00fcfus c\u00fczdan\u0131, ehliyet veya pasaportlar\u0131 ibraz etmek zorundad\u0131r.<\/li>\n<li>\u015eirketler taraf\u0131ndan Noter&#8217;de d\u00fczenlenecek vekaletnamelerde imza sirk\u00fcleri ve yetki belgesinin ibraz\u0131 gerekmektedir. Vergi m\u00fckellefi ger\u00e7ek ve t\u00fczel ki\u015filerin vergi numaralar\u0131n\u0131 bildirmeleri zorunludur.<\/li>\n<li>Yurtd\u0131\u015f\u0131ndaki T\u00fcrk vatanda\u015flar\u0131m\u0131z ya da yabanc\u0131lar T.C. Konsolosluklar\u0131nda Vekaletname d\u00fczenlettirebilirler<\/li>\n<\/ol>\n","protected":false},"excerpt":{"rendered":"<p>\u00d6nemli Hususlar \u015eah\u0131slar noter&#8217;de vekaletname d\u00fczenletirken n\u00fcfus c\u00fczdan\u0131, ehliyet veya pasaportlar\u0131 ibraz etmek zorundad\u0131r. \u015eirketler taraf\u0131ndan Noter&#8217;de d\u00fczenlenecek vekaletnamelerde imza sirk\u00fcleri ve yetki belgesinin ibraz\u0131 gerekmektedir. Vergi m\u00fckellefi ger\u00e7ek ve t\u00fczel ki\u015filerin vergi numaralar\u0131n\u0131 bildirmeleri zorunludur. Yurtd\u0131\u015f\u0131ndaki T\u00fcrk vatanda\u015flar\u0131m\u0131z ya da yabanc\u0131lar T.C. Konsolosluklar\u0131nda Vekaletname d\u00fczenlettirebilirler<\/p>\n","protected":false},"author":1,"featured_media":0,"parent":0,"menu_order":0,"comment_status":"closed","ping_status":"closed","template":"","meta":{"footnotes":""},"class_list":["post-23","page","type-page","status-publish","hentry"],"_links":{"self":[{"href":"https:\/\/www.ahmetmutlu.av.tr\/index.php\/wp-json\/wp\/v2\/pages\/23","targetHints":{"allow":["GET"]}}],"collection":[{"href":"https:\/\/www.ahmetmutlu.av.tr\/index.php\/wp-json\/wp\/v2\/pages"}],"about":[{"href":"https:\/\/www.ahmetmutlu.av.tr\/index.php\/wp-json\/wp\/v2\/types\/page"}],"author":[{"embeddable":true,"href":"https:\/\/www.ahmetmutlu.av.tr\/index.php\/wp-json\/wp\/v2\/users\/1"}],"replies":[{"embeddable":true,"href":"https:\/\/www.ahmetmutlu.av.tr\/index.php\/wp-json\/wp\/v2\/comments?post=23"}],"version-history":[{"count":1,"href":"https:\/\/www.ahmetmutlu.av.tr\/index.php\/wp-json\/wp\/v2\/pages\/23\/revisions"}],"predecessor-version":[{"id":374,"href":"https:\/\/www.ahmetmutlu.av.tr\/index.php\/wp-json\/wp\/v2\/pages\/23\/revisions\/374"}],"wp:attachment":[{"href":"https:\/\/www.ahmetmutlu.av.tr\/index.php\/wp-json\/wp\/v2\/media?parent=23"}],"curies":[{"name":"wp","href":"https:\/\/api.w.org\/{rel}","templated":true}]}}